{"id":18538,"date":"2022-02-23T01:58:28","date_gmt":"2022-02-23T01:58:28","guid":{"rendered":"http:\/\/zaouia44.com\/?page_id=18538"},"modified":"2022-02-23T02:19:04","modified_gmt":"2022-02-23T02:19:04","slug":"conditions-generales-reservation","status":"publish","type":"page","link":"https:\/\/zaouia44.com\/fr\/conditions-generales-reservation\/","title":{"rendered":"Conditions g\u00e9n\u00e9rales de r\u00e9servation &#8211; FAQ"},"content":{"rendered":"\t\t<div data-elementor-type=\"wp-page\" data-elementor-id=\"18538\" class=\"elementor elementor-18538\" data-elementor-post-type=\"page\">\n\t\t\t\t\t\t<section class=\"elementor-section elementor-top-section elementor-element elementor-element-3d0621f0 elementor-section-full_width elementor-section-height-default elementor-section-height-default qodef-elementor-content-no\" data-id=\"3d0621f0\" data-element_type=\"section\">\n\t\t\t\t\t\t<div class=\"elementor-container elementor-column-gap-default\">\n\t\t\t\t\t<div class=\"elementor-column elementor-col-100 elementor-top-column elementor-element elementor-element-59549014\" data-id=\"59549014\" data-element_type=\"column\">\n\t\t\t<div class=\"elementor-widget-wrap elementor-element-populated\">\n\t\t\t\t\t\t<div class=\"elementor-element elementor-element-4b6f8dcf elementor-widget elementor-widget-heading\" data-id=\"4b6f8dcf\" data-element_type=\"widget\" data-widget_type=\"heading.default\">\n\t\t\t\t<div class=\"elementor-widget-container\">\n\t\t\t<h4 class=\"elementor-heading-title elementor-size-default\">RIAD ZAOUIA 44 - Chez Sophie<\/h4>\t\t<\/div>\n\t\t\t\t<\/div>\n\t\t\t\t<div class=\"elementor-element elementor-element-733fd867 sstitremg224 elementor-widget elementor-widget-heading\" data-id=\"733fd867\" data-element_type=\"widget\" data-widget_type=\"heading.default\">\n\t\t\t\t<div class=\"elementor-widget-container\">\n\t\t\t<h3 class=\"elementor-heading-title elementor-size-default\">PAGE EN MAINTENANCE<\/h3>\t\t<\/div>\n\t\t\t\t<\/div>\n\t\t\t\t<div class=\"elementor-element elementor-element-2f1b999f sstitremg223 elementor-widget elementor-widget-text-editor\" data-id=\"2f1b999f\" data-element_type=\"widget\" data-widget_type=\"text-editor.default\">\n\t\t\t\t<div class=\"elementor-widget-container\">\n\t\t\t\t\t\t\t<p>Afin d\u2019am\u00e9liorer nos services, cette page est momentan\u00e9ment indisponible. Veuillez nous excuser pour la g\u00eane occasionn\u00e9e.<\/p>\t\t\t\t\t\t<\/div>\n\t\t\t\t<\/div>\n\t\t\t\t\t<\/div>\n\t\t<\/div>\n\t\t\t\t\t<\/div>\n\t\t<\/section>\n\t\t\t\t<section class=\"elementor-section elementor-top-section elementor-element elementor-element-c312e0a elementor-section-full_width elementor-section-height-min-height elementor-section-height-default elementor-section-items-middle qodef-elementor-content-no\" data-id=\"c312e0a\" data-element_type=\"section\" data-settings=\"{&quot;background_background&quot;:&quot;classic&quot;}\">\n\t\t\t\t\t\t\t<div class=\"elementor-background-overlay\"><\/div>\n\t\t\t\t\t\t\t<div class=\"elementor-container elementor-column-gap-default\">\n\t\t\t\t\t<div class=\"elementor-column elementor-col-100 elementor-top-column elementor-element elementor-element-1c8a40f3\" data-id=\"1c8a40f3\" data-element_type=\"column\">\n\t\t\t<div class=\"elementor-widget-wrap elementor-element-populated\">\n\t\t\t\t\t\t<div class=\"elementor-element elementor-element-7bb93363 sstitremg224 elementor-widget elementor-widget-heading\" data-id=\"7bb93363\" data-element_type=\"widget\" data-widget_type=\"heading.default\">\n\t\t\t\t<div class=\"elementor-widget-container\">\n\t\t\t<h3 class=\"elementor-heading-title elementor-size-default\">Commencez votre voyage<\/h3>\t\t<\/div>\n\t\t\t\t<\/div>\n\t\t\t\t<div class=\"elementor-element elementor-element-6684baed sstitremg224 elementor-widget elementor-widget-text-editor\" data-id=\"6684baed\" data-element_type=\"widget\" data-widget_type=\"text-editor.default\">\n\t\t\t\t<div class=\"elementor-widget-container\">\n\t\t\t\t\t\t\t<p>R\u00e9servez votre s\u00e9jour directement avec les meilleurs tarifs disponibles<\/p>\t\t\t\t\t\t<\/div>\n\t\t\t\t<\/div>\n\t\t\t\t<div class=\"elementor-element elementor-element-1bb2df elementor-align-center open-searchbox-01 elementor-widget elementor-widget-button\" data-id=\"1bb2df\" data-element_type=\"widget\" data-widget_type=\"button.default\">\n\t\t\t\t<div class=\"elementor-widget-container\">\n\t\t\t\t\t<div class=\"elementor-button-wrapper\">\n\t\t\t<a class=\"elementor-button elementor-button-link elementor-size-sm\" href=\"#\" id=\"open-searchbox-01\">\n\t\t\t\t\t\t<span class=\"elementor-button-content-wrapper\">\n\t\t\t\t\t\t\t\t\t<span class=\"elementor-button-text\">R\u00e9server en ligne<\/span>\n\t\t\t\t\t<\/span>\n\t\t\t\t\t<\/a>\n\t\t<\/div>\n\t\t\t\t<\/div>\n\t\t\t\t<\/div>\n\t\t\t\t\t<\/div>\n\t\t<\/div>\n\t\t\t\t\t<\/div>\n\t\t<\/section>\n\t\t\t\t<\/div>\n\t\t","protected":false},"excerpt":{"rendered":"<p>RIAD ZAOUIA 44 &#8211; Chez Sophie PAGE EN MAINTENANCE Afin d\u2019am\u00e9liorer nos services, cette page est momentan\u00e9ment indisponible. Veuillez nous excuser pour la g\u00eane occasionn\u00e9e. Commencez votre voyage R\u00e9servez votre s\u00e9jour directement avec les meilleurs tarifs disponibles R\u00e9server en ligne<\/p>\n","protected":false},"author":2,"featured_media":0,"parent":0,"menu_order":0,"comment_status":"closed","ping_status":"closed","template":"","meta":{"_monsterinsights_skip_tracking":false,"_monsterinsights_sitenote_active":false,"_monsterinsights_sitenote_note":"","_monsterinsights_sitenote_category":0,"footnotes":""},"aioseo_notices":[],"_links":{"self":[{"href":"https:\/\/zaouia44.com\/fr\/wp-json\/wp\/v2\/pages\/18538"}],"collection":[{"href":"https:\/\/zaouia44.com\/fr\/wp-json\/wp\/v2\/pages"}],"about":[{"href":"https:\/\/zaouia44.com\/fr\/wp-json\/wp\/v2\/types\/page"}],"author":[{"embeddable":true,"href":"https:\/\/zaouia44.com\/fr\/wp-json\/wp\/v2\/users\/2"}],"replies":[{"embeddable":true,"href":"https:\/\/zaouia44.com\/fr\/wp-json\/wp\/v2\/comments?post=18538"}],"version-history":[{"count":12,"href":"https:\/\/zaouia44.com\/fr\/wp-json\/wp\/v2\/pages\/18538\/revisions"}],"predecessor-version":[{"id":18614,"href":"https:\/\/zaouia44.com\/fr\/wp-json\/wp\/v2\/pages\/18538\/revisions\/18614"}],"wp:attachment":[{"href":"https:\/\/zaouia44.com\/fr\/wp-json\/wp\/v2\/media?parent=18538"}],"curies":[{"name":"wp","href":"https:\/\/api.w.org\/{rel}","templated":true}]}}